{"id":4606,"date":"2024-06-13T12:13:37","date_gmt":"2024-06-13T12:13:37","guid":{"rendered":"https:\/\/signon-suite.com\/imprint\/"},"modified":"2025-09-02T11:50:08","modified_gmt":"2025-09-02T11:50:08","slug":"imprint","status":"publish","type":"page","link":"https:\/\/signon-suite.com\/en\/imprint\/","title":{"rendered":"Imprint"},"content":{"rendered":"\t\t<div data-elementor-type=\"wp-page\" data-elementor-id=\"4606\" class=\"elementor elementor-4606 elementor-424\" data-elementor-post-type=\"page\">\n\t\t\t\t\t\t<section class=\"elementor-section elementor-top-section elementor-element elementor-element-1f9eb48e elementor-section-boxed elementor-section-height-default elementor-section-height-default\" data-id=\"1f9eb48e\" data-element_type=\"section\" data-e-type=\"section\">\n\t\t\t\t\t\t<div class=\"elementor-container elementor-column-gap-default\">\n\t\t\t\t\t<div class=\"elementor-column elementor-col-50 elementor-top-column elementor-element elementor-element-642a26f0\" data-id=\"642a26f0\" data-element_type=\"column\" data-e-type=\"column\">\n\t\t\t<div class=\"elementor-widget-wrap elementor-element-populated\">\n\t\t\t\t\t\t<div class=\"elementor-element elementor-element-1811ae1e elementor-widget elementor-widget-heading\" data-id=\"1811ae1e\" data-element_type=\"widget\" data-e-type=\"widget\" data-widget_type=\"heading.default\">\n\t\t\t\t<div class=\"elementor-widget-container\">\n\t\t\t\t\t<h2 class=\"elementor-heading-title elementor-size-default\">Imprint<\/h2>\t\t\t\t<\/div>\n\t\t\t\t<\/div>\n\t\t\t\t\t<\/div>\n\t\t<\/div>\n\t\t\t\t<div class=\"elementor-column elementor-col-50 elementor-top-column elementor-element elementor-element-607c342f\" data-id=\"607c342f\" data-element_type=\"column\" data-e-type=\"column\">\n\t\t\t<div class=\"elementor-widget-wrap\">\n\t\t\t\t\t\t\t<\/div>\n\t\t<\/div>\n\t\t\t\t\t<\/div>\n\t\t<\/section>\n\t\t\t\t<section class=\"elementor-section elementor-top-section elementor-element elementor-element-53248eb3 elementor-section-boxed elementor-section-height-default elementor-section-height-default\" data-id=\"53248eb3\" data-element_type=\"section\" data-e-type=\"section\">\n\t\t\t\t\t\t<div class=\"elementor-container elementor-column-gap-default\">\n\t\t\t\t\t<div class=\"elementor-column elementor-col-100 elementor-top-column elementor-element elementor-element-726f819d\" data-id=\"726f819d\" data-element_type=\"column\" data-e-type=\"column\">\n\t\t\t<div class=\"elementor-widget-wrap elementor-element-populated\">\n\t\t\t\t\t\t<div class=\"elementor-element elementor-element-18cf6931 elementor-widget-divider--view-line elementor-widget elementor-widget-divider\" data-id=\"18cf6931\" data-element_type=\"widget\" data-e-type=\"widget\" data-widget_type=\"divider.default\">\n\t\t\t\t<div class=\"elementor-widget-container\">\n\t\t\t\t\t\t\t<div class=\"elementor-divider\">\n\t\t\t<span class=\"elementor-divider-separator\">\n\t\t\t\t\t\t<\/span>\n\t\t<\/div>\n\t\t\t\t\t\t<\/div>\n\t\t\t\t<\/div>\n\t\t\t\t\t<\/div>\n\t\t<\/div>\n\t\t\t\t\t<\/div>\n\t\t<\/section>\n\t\t\t\t<section class=\"elementor-section elementor-top-section elementor-element elementor-element-1815963e elementor-section-boxed elementor-section-height-default elementor-section-height-default\" data-id=\"1815963e\" data-element_type=\"section\" data-e-type=\"section\">\n\t\t\t\t\t\t<div class=\"elementor-container elementor-column-gap-default\">\n\t\t\t\t\t<div class=\"elementor-column elementor-col-50 elementor-top-column elementor-element elementor-element-3f65b538\" data-id=\"3f65b538\" data-element_type=\"column\" data-e-type=\"column\">\n\t\t\t<div class=\"elementor-widget-wrap elementor-element-populated\">\n\t\t\t\t\t\t<div class=\"elementor-element elementor-element-3019d0eb elementor-widget elementor-widget-heading\" data-id=\"3019d0eb\" data-element_type=\"widget\" data-e-type=\"widget\" data-widget_type=\"heading.default\">\n\t\t\t\t<div class=\"elementor-widget-container\">\n\t\t\t\t\t<h2 class=\"elementor-heading-title elementor-size-default\">Address<\/h2>\t\t\t\t<\/div>\n\t\t\t\t<\/div>\n\t\t\t\t\t<\/div>\n\t\t<\/div>\n\t\t\t\t<div class=\"elementor-column elementor-col-50 elementor-top-column elementor-element elementor-element-5ccc4c8d\" data-id=\"5ccc4c8d\" data-element_type=\"column\" data-e-type=\"column\">\n\t\t\t<div class=\"elementor-widget-wrap\">\n\t\t\t\t\t\t\t<\/div>\n\t\t<\/div>\n\t\t\t\t\t<\/div>\n\t\t<\/section>\n\t\t\t\t<section class=\"elementor-section elementor-top-section elementor-element elementor-element-51e75349 elementor-section-boxed elementor-section-height-default elementor-section-height-default\" data-id=\"51e75349\" data-element_type=\"section\" data-e-type=\"section\">\n\t\t\t\t\t\t<div class=\"elementor-container elementor-column-gap-default\">\n\t\t\t\t\t<div class=\"elementor-column elementor-col-50 elementor-top-column elementor-element elementor-element-1854a2a6\" data-id=\"1854a2a6\" data-element_type=\"column\" data-e-type=\"column\">\n\t\t\t<div class=\"elementor-widget-wrap elementor-element-populated\">\n\t\t\t\t\t\t<div class=\"elementor-element elementor-element-95c5bfc elementor-widget elementor-widget-text-editor\" data-id=\"95c5bfc\" data-element_type=\"widget\" data-e-type=\"widget\" data-widget_type=\"text-editor.default\">\n\t\t\t\t<div class=\"elementor-widget-container\">\n\t\t\t\t\t\t\t\t\t<p><strong>SIGNON Deutschland GmbH<\/strong><br \/>Company of Deutsche Bahn AG<br \/>Europaplatz 2<br \/>10557 Berlin<\/p><p data-renderer-start-pos=\"233\"><strong>Mailing address:<\/strong><br \/>Deutsche Bahn <span class=\"acronym-highlight\">AG<\/span><br \/>SIGNON Deutschland GmbH<br \/>Europaplatz 1<br \/>10557 Berlin<\/p><p>Phone: +49 30 247387-0<br \/>Fax: +49 30 247387-11<\/p><p>E-mail: info@signon-group.com<\/p><h3>\u00a0<\/h3><h3>Locations<\/h3><p><strong>SIGNON Deutschland GmbH<\/strong><br \/>Berliner Stra\u00dfe 7<br \/>01067 Dresden<br \/>Phone: +49 351 20589-0<br \/>Fax: +49 351 20589-245<\/p><p><strong>SIGNON Deutschland GmbH<\/strong><br \/>R\u00fcdesheimer Stra\u00dfe 7<br \/>80686 Munich<br \/>Phone: +49 89 7400451-0<br \/>Fax: +49 89 7400451-111<\/p><p><strong>SIGNON Deutschland GmbH<\/strong><br \/>Frankenstra\u00dfe 18a<br \/>20097 Hamburg<br \/>Phone: +49 40 27166-500<br \/>Fax: +49 40 27166-410<\/p><p>Commercial register HRB 152338 B at AG Charlottenburg<br \/>VAT-ID DE157353418<\/p><p><strong>Internet<\/strong><br \/>www.signon-group.com<\/p><p><strong>Management<\/strong><br \/>Holger Rosenberger<br \/>Gerd H\u00fcbner<\/p><p><strong>Responsible for the website:<\/strong><\/p><p>SIGNON Deutschland GmbH<br \/>Marketing Officer<br \/>Bianca Krietsch<br \/><span style=\"color: #ef6c00;\"><a class=\"printable\" style=\"color: #ef6c00;\" href=\"mailto:Bianca.Krietsch@signon-group.com\" target=\"_blank\" rel=\"noopener\"><span class=\"printable\">Bianca.Krietsch@signon-group.com<\/span><\/a><\/span><\/p>\t\t\t\t\t\t\t\t<\/div>\n\t\t\t\t<\/div>\n\t\t\t\t\t<\/div>\n\t\t<\/div>\n\t\t\t\t<div class=\"elementor-column elementor-col-50 elementor-top-column elementor-element elementor-element-179fe2a6\" data-id=\"179fe2a6\" data-element_type=\"column\" data-e-type=\"column\">\n\t\t\t<div class=\"elementor-widget-wrap\">\n\t\t\t\t\t\t\t<\/div>\n\t\t<\/div>\n\t\t\t\t\t<\/div>\n\t\t<\/section>\n\t\t\t\t<section class=\"elementor-section elementor-top-section elementor-element elementor-element-2ca3153b elementor-section-boxed elementor-section-height-default elementor-section-height-default\" data-id=\"2ca3153b\" data-element_type=\"section\" data-e-type=\"section\">\n\t\t\t\t\t\t<div class=\"elementor-container elementor-column-gap-default\">\n\t\t\t\t\t<div class=\"elementor-column elementor-col-50 elementor-top-column elementor-element elementor-element-3fe3afef\" data-id=\"3fe3afef\" data-element_type=\"column\" data-e-type=\"column\">\n\t\t\t<div class=\"elementor-widget-wrap elementor-element-populated\">\n\t\t\t\t\t\t<div class=\"elementor-element elementor-element-1e0fa77a elementor-widget elementor-widget-heading\" data-id=\"1e0fa77a\" data-element_type=\"widget\" data-e-type=\"widget\" data-widget_type=\"heading.default\">\n\t\t\t\t<div class=\"elementor-widget-container\">\n\t\t\t\t\t<h2 class=\"elementor-heading-title elementor-size-default\">Conception and design<\/h2>\t\t\t\t<\/div>\n\t\t\t\t<\/div>\n\t\t\t\t\t<\/div>\n\t\t<\/div>\n\t\t\t\t<div class=\"elementor-column elementor-col-50 elementor-top-column elementor-element elementor-element-3408fcf1\" data-id=\"3408fcf1\" data-element_type=\"column\" data-e-type=\"column\">\n\t\t\t<div class=\"elementor-widget-wrap\">\n\t\t\t\t\t\t\t<\/div>\n\t\t<\/div>\n\t\t\t\t\t<\/div>\n\t\t<\/section>\n\t\t\t\t<section class=\"elementor-section elementor-top-section elementor-element elementor-element-2d9b6f20 elementor-section-boxed elementor-section-height-default elementor-section-height-default\" data-id=\"2d9b6f20\" data-element_type=\"section\" data-e-type=\"section\">\n\t\t\t\t\t\t<div class=\"elementor-container elementor-column-gap-default\">\n\t\t\t\t\t<div class=\"elementor-column elementor-col-50 elementor-top-column elementor-element elementor-element-465d6be2\" data-id=\"465d6be2\" data-element_type=\"column\" data-e-type=\"column\">\n\t\t\t<div class=\"elementor-widget-wrap elementor-element-populated\">\n\t\t\t\t\t\t<div class=\"elementor-element elementor-element-b0af3f4 elementor-widget elementor-widget-text-editor\" data-id=\"b0af3f4\" data-element_type=\"widget\" data-e-type=\"widget\" data-widget_type=\"text-editor.default\">\n\t\t\t\t<div class=\"elementor-widget-container\">\n\t\t\t\t\t\t\t\t\t<p>Happy Heroes GmbH<br \/>Schl\u00fcterstra\u00dfe 39<br \/>10629 Berlin<\/p><p><strong>Technical implementation<\/strong><\/p><p>Happy Heroes GmbH<br \/>Schl\u00fcterstra\u00dfe 39<br \/>10629 Berlin<\/p>\t\t\t\t\t\t\t\t<\/div>\n\t\t\t\t<\/div>\n\t\t\t\t\t<\/div>\n\t\t<\/div>\n\t\t\t\t<div class=\"elementor-column elementor-col-50 elementor-top-column elementor-element elementor-element-247c5840\" data-id=\"247c5840\" data-element_type=\"column\" data-e-type=\"column\">\n\t\t\t<div class=\"elementor-widget-wrap\">\n\t\t\t\t\t\t\t<\/div>\n\t\t<\/div>\n\t\t\t\t\t<\/div>\n\t\t<\/section>\n\t\t\t\t<section class=\"elementor-section elementor-top-section elementor-element elementor-element-69a21c6b elementor-section-boxed elementor-section-height-default elementor-section-height-default\" data-id=\"69a21c6b\" data-element_type=\"section\" data-e-type=\"section\">\n\t\t\t\t\t\t<div class=\"elementor-container elementor-column-gap-default\">\n\t\t\t\t\t<div class=\"elementor-column elementor-col-100 elementor-top-column elementor-element elementor-element-4493c7dc\" data-id=\"4493c7dc\" data-element_type=\"column\" data-e-type=\"column\">\n\t\t\t<div class=\"elementor-widget-wrap elementor-element-populated\">\n\t\t\t\t\t\t<div class=\"elementor-element elementor-element-b0944a2 elementor-widget elementor-widget-text-editor\" data-id=\"b0944a2\" data-element_type=\"widget\" data-e-type=\"widget\" data-widget_type=\"text-editor.default\">\n\t\t\t\t<div class=\"elementor-widget-container\">\n\t\t\t\t\t\t\t\t\t<h4>Legal notice<\/h4><p><strong>Legal notice<\/strong><\/p><p>Copyrights<\/p><p>Note: This website has been compiled with the utmost care.<\/p><p>Nevertheless, we cannot guarantee the accuracy of the services and information contained therein. We exclude any liability for damages arising directly or indirectly from the use of this website, insofar as we are not legally liable.<\/p><p>Texts, images, graphics, sounds, animations or videos as well as their arrangement on these Internet pages are subject to worldwide copyright protection and other protective laws. Unauthorised use, reproduction or transmission of individual contents or complete pages may be prosecuted under both criminal and civil law. All addresses published by SIGNON on its Internet pages are for information purposes only. Commercial use by third parties is not permitted.<\/p><p>External cross-references:<\/p><p><span style=\"color: #ef6c00;\"><a style=\"color: #ef6c00;\" href=\"shutterstock.com\">Shutterstock.com<\/a><\/span><\/p><p>Mark Simonson Studio<\/p><p>\u00a9 2023 The Type Founders LLC<\/p><p><span style=\"color: #ef6c00;\"><a style=\"color: #ef6c00;\" href=\"marksimonson.com\">marksimonson.com<\/a><\/span><\/p><p>SIGNON does not adopt as its own any third-party content on pages that can be accessed via links from the SIGNON website (www.signon-rail.com or any other SIGNON-owned domain) and does not accept any responsibility for such content. The company expressly distances itself from inadmissible or ambiguous third-party content.<\/p><p>\u00a9 Copyright SIGNON Deutschland GmbH 2023<\/p>\t\t\t\t\t\t\t\t<\/div>\n\t\t\t\t<\/div>\n\t\t\t\t\t<\/div>\n\t\t<\/div>\n\t\t\t\t\t<\/div>\n\t\t<\/section>\n\t\t\t\t<\/div>\n\t\t","protected":false},"excerpt":{"rendered":"<p>Imprint Address SIGNON Deutschland GmbHCompany of Deutsche Bahn AGEuropaplatz 210557 Berlin Mailing address:Deutsche Bahn AGSIGNON Deutschland GmbHEuropaplatz 110557 Berlin Phone: +49 30 247387-0Fax: +49 30 247387-11 E-mail: info@signon-group.com \u00a0 Locations SIGNON Deutschland GmbHBerliner Stra\u00dfe 701067 DresdenPhone: +49 351 20589-0Fax: +49 351 20589-245 SIGNON Deutschland GmbHR\u00fcdesheimer Stra\u00dfe 780686 MunichPhone: +49 89 7400451-0Fax: +49 89 7400451-111 SIGNON [&hellip;]<\/p>\n","protected":false},"author":1,"featured_media":0,"parent":0,"menu_order":0,"comment_status":"closed","ping_status":"closed","template":"","meta":{"footnotes":""},"class_list":["post-4606","page","type-page","status-publish","hentry"],"aioseo_notices":[],"_links":{"self":[{"href":"https:\/\/signon-suite.com\/en\/wp-json\/wp\/v2\/pages\/4606","targetHints":{"allow":["GET"]}}],"collection":[{"href":"https:\/\/signon-suite.com\/en\/wp-json\/wp\/v2\/pages"}],"about":[{"href":"https:\/\/signon-suite.com\/en\/wp-json\/wp\/v2\/types\/page"}],"author":[{"embeddable":true,"href":"https:\/\/signon-suite.com\/en\/wp-json\/wp\/v2\/users\/1"}],"replies":[{"embeddable":true,"href":"https:\/\/signon-suite.com\/en\/wp-json\/wp\/v2\/comments?post=4606"}],"version-history":[{"count":15,"href":"https:\/\/signon-suite.com\/en\/wp-json\/wp\/v2\/pages\/4606\/revisions"}],"predecessor-version":[{"id":5738,"href":"https:\/\/signon-suite.com\/en\/wp-json\/wp\/v2\/pages\/4606\/revisions\/5738"}],"wp:attachment":[{"href":"https:\/\/signon-suite.com\/en\/wp-json\/wp\/v2\/media?parent=4606"}],"curies":[{"name":"wp","href":"https:\/\/api.w.org\/{rel}","templated":true}]}}